{"id":9,"date":"2024-08-02T08:07:27","date_gmt":"2024-08-02T08:07:27","guid":{"rendered":"https:\/\/amsel.fi\/?page_id=9"},"modified":"2024-08-02T08:29:42","modified_gmt":"2024-08-02T08:29:42","slug":"kotisivu","status":"publish","type":"page","link":"https:\/\/amsel.fi\/","title":{"rendered":"Kotisivu"},"content":{"rendered":"\n<div class=\"wp-block-columns is-layout-flex wp-container-core-columns-is-layout-9d6595d7 wp-block-columns-is-layout-flex\">\n<div class=\"wp-block-column is-layout-flow wp-block-column-is-layout-flow\">\n<figure class=\"wp-block-image size-full\"><img loading=\"lazy\" decoding=\"async\" width=\"402\" height=\"446\" src=\"https:\/\/amsel.fi\/wp-content\/uploads\/2024\/08\/puhallin_dsc_6325.jpg\" alt=\"\" class=\"wp-image-33\" srcset=\"https:\/\/amsel.fi\/wp-content\/uploads\/2024\/08\/puhallin_dsc_6325.jpg 402w, https:\/\/amsel.fi\/wp-content\/uploads\/2024\/08\/puhallin_dsc_6325-270x300.jpg 270w\" sizes=\"auto, (max-width: 402px) 100vw, 402px\" \/><figcaption class=\"wp-element-caption\"><strong>CMVeco&nbsp;&nbsp; 50 &#8211; 13&#8217;500 m3\/h&nbsp;&nbsp; 50 &#8211; 3&#8217;000 Pa<\/strong><\/figcaption><\/figure>\n\n\n\n<figure class=\"wp-block-image size-full\"><img loading=\"lazy\" decoding=\"async\" width=\"461\" height=\"480\" src=\"https:\/\/amsel.fi\/wp-content\/uploads\/2024\/08\/crdv-d-1.jpg\" alt=\"\" class=\"wp-image-34\" srcset=\"https:\/\/amsel.fi\/wp-content\/uploads\/2024\/08\/crdv-d-1.jpg 461w, https:\/\/amsel.fi\/wp-content\/uploads\/2024\/08\/crdv-d-1-288x300.jpg 288w\" sizes=\"auto, (max-width: 461px) 100vw, 461px\" \/><figcaption class=\"wp-element-caption\"><strong>CRDV-D&nbsp;&nbsp; 340 &#8211; 5&#8217;600 m3\/h&nbsp;&nbsp;&nbsp; 50 &#8211; 1&#8217;700 Pa<\/strong><\/figcaption><\/figure>\n<\/div>\n\n\n\n<div class=\"wp-block-column is-layout-flow wp-block-column-is-layout-flow\">\n<p class=\"has-black-color has-text-color has-link-color wp-elements-3d71b6135928e4dc55bd749620def934\"><strong>Amsel Oy<\/strong><\/p>\n\n\n\n<p class=\"has-black-color has-text-color has-link-color wp-elements-49c747c48e33437664cc7cebbb340374\"><strong>Amsel Oy<\/strong>&nbsp;on vuodesta 1989 maahantuonut, varastoinut ja huoltanut sveitsil\u00e4isen Colasit AG:n valmistamia teollisuuden ja laboratorioiden k\u00e4ytt\u00f6\u00f6n tarkoitettuja puhaltimia. Eri olosuhteisiin puhaltimet valmistetaan korroosiota kest\u00e4vist\u00e4 muovilaaduista.<\/p>\n\n\n\n<p class=\"has-black-color has-text-color has-link-color wp-elements-177ea83298b45da3ba9d2a8ce141d6fb\"><strong>Colasit AG:n<\/strong>&nbsp;edustajana tarjoamme ammatillista tukea puhallinmallin- ja materiaalien valinnassa.<\/p>\n\n\n\n<p class=\"has-black-color has-text-color has-link-color wp-elements-a34dcf29e365416e8deb0a7daf8f871a\"><strong>Amsel Oy Muovipuhaltimet<\/strong><\/p>\n\n\n\n<p class=\"has-black-color has-text-color has-link-color wp-elements-7b41e8f3843848b9a9fc7eb77c47e2a3\"><strong>Puhaltimet valitaan<\/strong>&nbsp;k\u00e4ytt\u00f6olosuhteiden ja kemiallisen kest\u00e4vyyden mukaan.<\/p>\n\n\n\n<p class=\"has-black-color has-text-color has-link-color wp-elements-15bff9e1052c1b2bceb3b44698f33f63\"><strong>Puhaltimia valmistetaan<\/strong>&nbsp;PP, PPs, PPs-el, PVDF, PVC ja PE-muoveista standardi v\u00e4reiss\u00e4.<\/p>\n\n\n\n<p class=\"has-black-color has-text-color has-link-color wp-elements-d7e3c49ef25c84a1db923a5055f5e363\"><strong>ATEX-sertifioidut puhaltimet<\/strong>&nbsp;(alueet 1 ja 2) tarjoavat maximaalisen turvallisuuden staattisen s\u00e4hk\u00f6n ja kipin\u00f6innin suhteen.<\/p>\n\n\n\n<p class=\"has-black-color has-text-color has-link-color wp-elements-1937fc1382752b702097d6b8cccf749d\"><strong>Puhaltimet toimitetaan<\/strong>&nbsp;suora- tai hihnak\u00e4ytt\u00f6isin\u00e4, IEC standardin mukaisilla taajuusmuuttajak\u00e4ytt\u00f6\u00f6n soveltuvilla 3-vaihe moottoreilla, huomioiden direktiivit ErP2013 ja ErP2015.<\/p>\n\n\n\n<p class=\"has-black-color has-text-color has-link-color wp-elements-24c2ef4ac64a111dacace1f46ff8e9a7\"><strong>Oikea puhallin oikeaan paikkaan<\/strong><\/p>\n\n\n\n<p class=\"has-black-color has-text-color has-link-color wp-elements-2b734e9fd924539c0365e8ce5f2816ec\">Yksitoista eri puhallinsarjaa mahdollistavat vaatimuksen mukaisen puhaltimen valinnan. Ilmam\u00e4\u00e4r\u00e4t 40m3\/h &#8211; 130\u00b400 m3\/h staattinen paine 100 &#8211; 7000 Pa. Pitk\u00e4j\u00e4nnitteinen insin\u00f6\u00f6rity\u00f6 on mahdollistanut jatkuvan kehityksen. Niinp\u00e4 puhallin malli CMV (Collasit Medium Pressure Ventilator) on ollut jo yli 50 vuotta markkina- standardi. Puhaltimet voidaan asentaa sis\u00e4- ja ulkotiloihin sek\u00e4 katolle.<\/p>\n\n\n\n<p class=\"has-black-color has-text-color has-link-color wp-elements-ef4bd3f5f0f446d4796e73cee814d291\"><strong>Sveitsil\u00e4inen laatu &#8211; Maanlaajuinen tuki<\/strong><\/p>\n\n\n\n<p class=\"has-black-color has-text-color has-link-color wp-elements-a6fcb50d1fde2398c59d6b3d4619a37f\">Kaikki muoviosat valmistetaan Sveitsiss\u00e4 laatustandardin ISO9001 mukaisesti Collasit AG:n tehtaalla.<\/p>\n\n\n\n<p class=\"has-black-color has-text-color has-link-color wp-elements-12eab135a8f0fc2aa605ca6de4591c40\">Amsel Oy tarjoaa ammatillista tukea puhaltimien valinnassa ja asennuksessa, taaten h\u00e4iri\u00f6t\u00f6nt\u00e4 toimintaa jatkuvassa k\u00e4yt\u00f6ss\u00e4.<\/p>\n<\/div>\n<\/div>\n","protected":false},"excerpt":{"rendered":"<p>Amsel Oy Amsel Oy&nbsp;on vuodesta 1989 maahantuonut, varastoinut ja huoltanut sveitsil\u00e4isen Colasit AG:n valmistamia teollisuuden ja laboratorioiden k\u00e4ytt\u00f6\u00f6n tarkoitettuja puhaltimia. Eri olosuhteisiin puhaltimet valmistetaan korroosiota kest\u00e4vist\u00e4 muovilaaduista. Colasit AG:n&nbsp;edustajana tarjoamme ammatillista tukea puhallinmallin- ja materiaalien valinnassa. Amsel Oy Muovipuhaltimet Puhaltimet valitaan&nbsp;k\u00e4ytt\u00f6olosuhteiden ja kemiallisen kest\u00e4vyyden mukaan. Puhaltimia valmistetaan&nbsp;PP, PPs, PPs-el, PVDF, [&hellip;]<\/p>\n","protected":false},"author":1,"featured_media":0,"parent":0,"menu_order":0,"comment_status":"closed","ping_status":"closed","template":"","meta":{"footnotes":""},"class_list":["post-9","page","type-page","status-publish","hentry"],"_links":{"self":[{"href":"https:\/\/amsel.fi\/index.php?rest_route=\/wp\/v2\/pages\/9","targetHints":{"allow":["GET"]}}],"collection":[{"href":"https:\/\/amsel.fi\/index.php?rest_route=\/wp\/v2\/pages"}],"about":[{"href":"https:\/\/amsel.fi\/index.php?rest_route=\/wp\/v2\/types\/page"}],"author":[{"embeddable":true,"href":"https:\/\/amsel.fi\/index.php?rest_route=\/wp\/v2\/users\/1"}],"replies":[{"embeddable":true,"href":"https:\/\/amsel.fi\/index.php?rest_route=%2Fwp%2Fv2%2Fcomments&post=9"}],"version-history":[{"count":4,"href":"https:\/\/amsel.fi\/index.php?rest_route=\/wp\/v2\/pages\/9\/revisions"}],"predecessor-version":[{"id":40,"href":"https:\/\/amsel.fi\/index.php?rest_route=\/wp\/v2\/pages\/9\/revisions\/40"}],"wp:attachment":[{"href":"https:\/\/amsel.fi\/index.php?rest_route=%2Fwp%2Fv2%2Fmedia&parent=9"}],"curies":[{"name":"wp","href":"https:\/\/api.w.org\/{rel}","templated":true}]}}