{"id":14,"date":"2024-08-02T08:10:47","date_gmt":"2024-08-02T08:10:47","guid":{"rendered":"https:\/\/amsel.fi\/?page_id=14"},"modified":"2026-01-09T11:44:04","modified_gmt":"2026-01-09T11:44:04","slug":"yhteystiedot","status":"publish","type":"page","link":"https:\/\/amsel.fi\/?page_id=14","title":{"rendered":"Yhteystiedot"},"content":{"rendered":"\n<p>K\u00e4yntiosoite: Teollisuustie 15, 04300 Tuusula<\/p>\n\n\n\n<p>Postiosoite: Mikkolantie 6 A, 04300 Tuusula<\/p>\n\n\n\n<p>Puhelin:&nbsp; 050 377 4450<\/p>\n\n\n\n<p>S\u00e4hk\u00f6posti: info@amsel.fi<\/p>\n\n\n\n<p>Verkkosivusto:&nbsp; www.amsel.fi<\/p>\n\n\n\n<figure class=\"wp-block-image size-full\"><img loading=\"lazy\" decoding=\"async\" width=\"327\" height=\"300\" src=\"https:\/\/amsel.fi\/wp-content\/uploads\/2024\/08\/dsc_6369-crop-u301.jpg\" alt=\"\" class=\"wp-image-15\" srcset=\"https:\/\/amsel.fi\/wp-content\/uploads\/2024\/08\/dsc_6369-crop-u301.jpg 327w, https:\/\/amsel.fi\/wp-content\/uploads\/2024\/08\/dsc_6369-crop-u301-300x275.jpg 300w\" sizes=\"auto, (max-width: 327px) 100vw, 327px\" \/><\/figure>\n\n\n\n<figure class=\"wp-block-image size-full\"><img loading=\"lazy\" decoding=\"async\" width=\"327\" height=\"329\" src=\"https:\/\/amsel.fi\/wp-content\/uploads\/2024\/08\/dsc_6355-crop-u295.jpg\" alt=\"\" class=\"wp-image-16\" srcset=\"https:\/\/amsel.fi\/wp-content\/uploads\/2024\/08\/dsc_6355-crop-u295.jpg 327w, https:\/\/amsel.fi\/wp-content\/uploads\/2024\/08\/dsc_6355-crop-u295-298x300.jpg 298w, https:\/\/amsel.fi\/wp-content\/uploads\/2024\/08\/dsc_6355-crop-u295-150x150.jpg 150w\" sizes=\"auto, (max-width: 327px) 100vw, 327px\" \/><\/figure>\n\n\n\n<figure class=\"wp-block-image size-full\"><img loading=\"lazy\" decoding=\"async\" width=\"327\" height=\"338\" src=\"https:\/\/amsel.fi\/wp-content\/uploads\/2024\/08\/dsc_6320-crop-u352.jpg\" alt=\"\" class=\"wp-image-17\" srcset=\"https:\/\/amsel.fi\/wp-content\/uploads\/2024\/08\/dsc_6320-crop-u352.jpg 327w, https:\/\/amsel.fi\/wp-content\/uploads\/2024\/08\/dsc_6320-crop-u352-290x300.jpg 290w\" sizes=\"auto, (max-width: 327px) 100vw, 327px\" \/><\/figure>\n\n\n\n<div style=\"height:66px\" aria-hidden=\"true\" class=\"wp-block-spacer\"><\/div>\n","protected":false},"excerpt":{"rendered":"<p>K\u00e4yntiosoite: Teollisuustie 15, 04300 Tuusula Postiosoite: Mikkolantie 6 A, 04300 Tuusula Puhelin:&nbsp; 050 377 4450 S\u00e4hk\u00f6posti: info@amsel.fi Verkkosivusto:&nbsp; www.amsel.fi<\/p>\n","protected":false},"author":1,"featured_media":0,"parent":0,"menu_order":0,"comment_status":"closed","ping_status":"closed","template":"","meta":{"footnotes":""},"class_list":["post-14","page","type-page","status-publish","hentry"],"_links":{"self":[{"href":"https:\/\/amsel.fi\/index.php?rest_route=\/wp\/v2\/pages\/14","targetHints":{"allow":["GET"]}}],"collection":[{"href":"https:\/\/amsel.fi\/index.php?rest_route=\/wp\/v2\/pages"}],"about":[{"href":"https:\/\/amsel.fi\/index.php?rest_route=\/wp\/v2\/types\/page"}],"author":[{"embeddable":true,"href":"https:\/\/amsel.fi\/index.php?rest_route=\/wp\/v2\/users\/1"}],"replies":[{"embeddable":true,"href":"https:\/\/amsel.fi\/index.php?rest_route=%2Fwp%2Fv2%2Fcomments&post=14"}],"version-history":[{"count":5,"href":"https:\/\/amsel.fi\/index.php?rest_route=\/wp\/v2\/pages\/14\/revisions"}],"predecessor-version":[{"id":58,"href":"https:\/\/amsel.fi\/index.php?rest_route=\/wp\/v2\/pages\/14\/revisions\/58"}],"wp:attachment":[{"href":"https:\/\/amsel.fi\/index.php?rest_route=%2Fwp%2Fv2%2Fmedia&parent=14"}],"curies":[{"name":"wp","href":"https:\/\/api.w.org\/{rel}","templated":true}]}}